{"id":5383,"date":"2023-04-18T12:46:13","date_gmt":"2023-04-18T09:46:13","guid":{"rendered":"https:\/\/yachtclassichotel.com\/organizasyon\/"},"modified":"2026-01-10T22:12:20","modified_gmt":"2026-01-10T19:12:20","slug":"organisation","status":"publish","type":"page","link":"https:\/\/yachtclassichotel.com\/fr\/organisation\/","title":{"rendered":"Organisation"},"content":{"rendered":"\t\t<div data-elementor-type=\"wp-post\" data-elementor-id=\"5383\" class=\"elementor elementor-5383 elementor-3061\" data-elementor-post-type=\"page\">\n\t\t\t\t\t\t<section class=\"elementor-section elementor-top-section elementor-element elementor-element-2e291d18 elementor-section-stretched elementor-section-height-min-height elementor-section-boxed elementor-section-height-default elementor-section-items-middle\" data-id=\"2e291d18\" data-element_type=\"section\" data-e-type=\"section\" data-settings=\"{&quot;stretch_section&quot;:&quot;section-stretched&quot;,&quot;background_background&quot;:&quot;classic&quot;,&quot;hoteller_ext_is_background_parallax&quot;:&quot;false&quot;,&quot;hoteller_ext_is_background_on_scroll&quot;:&quot;false&quot;}\">\n\t\t\t\t\t\t\t<div class=\"elementor-background-overlay\"><\/div>\n\t\t\t\t\t\t\t<div class=\"elementor-container elementor-column-gap-default\">\n\t\t\t\t\t<div class=\"elementor-column elementor-col-100 elementor-top-column elementor-element elementor-element-7568e395\" data-id=\"7568e395\" data-element_type=\"column\" data-e-type=\"column\" data-settings=\"{&quot;hoteller_ext_link_sidemenu&quot;:&quot;false&quot;,&quot;hoteller_ext_link_fullmenu&quot;:&quot;false&quot;,&quot;hoteller_ext_link_closed_fullmenu&quot;:&quot;false&quot;,&quot;hoteller_ext_is_scrollme&quot;:&quot;false&quot;,&quot;hoteller_ext_is_smoove&quot;:&quot;false&quot;,&quot;hoteller_ext_is_parallax_mouse&quot;:&quot;false&quot;,&quot;hoteller_ext_is_infinite&quot;:&quot;false&quot;,&quot;hoteller_ext_is_fadeout_animation&quot;:&quot;false&quot;,&quot;hoteller_ext_mobile_static&quot;:&quot;false&quot;}\">\n\t\t\t<div class=\"elementor-widget-wrap\">\n\t\t\t\t\t\t\t<\/div>\n\t\t<\/div>\n\t\t\t\t\t<\/div>\n\t\t<\/section>\n\t\t\t\t<section class=\"elementor-section elementor-top-section elementor-element elementor-element-ecf05fe elementor-section-boxed elementor-section-height-default elementor-section-height-default\" data-id=\"ecf05fe\" data-element_type=\"section\" data-e-type=\"section\" data-settings=\"{&quot;hoteller_ext_is_background_parallax&quot;:&quot;false&quot;,&quot;hoteller_ext_is_background_on_scroll&quot;:&quot;false&quot;}\">\n\t\t\t\t\t\t<div class=\"elementor-container elementor-column-gap-default\">\n\t\t\t\t\t<div class=\"elementor-column elementor-col-100 elementor-top-column elementor-element elementor-element-30f2e0e\" data-id=\"30f2e0e\" data-element_type=\"column\" data-e-type=\"column\" data-settings=\"{&quot;hoteller_ext_link_sidemenu&quot;:&quot;false&quot;,&quot;hoteller_ext_link_fullmenu&quot;:&quot;false&quot;,&quot;hoteller_ext_link_closed_fullmenu&quot;:&quot;false&quot;,&quot;hoteller_ext_is_scrollme&quot;:&quot;false&quot;,&quot;hoteller_ext_is_smoove&quot;:&quot;false&quot;,&quot;hoteller_ext_is_parallax_mouse&quot;:&quot;false&quot;,&quot;hoteller_ext_is_infinite&quot;:&quot;false&quot;,&quot;hoteller_ext_is_fadeout_animation&quot;:&quot;false&quot;,&quot;hoteller_ext_mobile_static&quot;:&quot;false&quot;}\">\n\t\t\t<div class=\"elementor-widget-wrap elementor-element-populated\">\n\t\t\t\t\t\t<div class=\"elementor-element elementor-element-6480d4a ozel elementor-widget elementor-widget-heading\" data-id=\"6480d4a\" data-element_type=\"widget\" data-e-type=\"widget\" data-settings=\"{&quot;hoteller_ext_link_sidemenu&quot;:&quot;false&quot;,&quot;hoteller_ext_link_fullmenu&quot;:&quot;false&quot;,&quot;hoteller_ext_link_closed_fullmenu&quot;:&quot;false&quot;,&quot;hoteller_ext_is_scrollme&quot;:&quot;false&quot;,&quot;hoteller_ext_is_smoove&quot;:&quot;false&quot;,&quot;hoteller_ext_is_parallax_mouse&quot;:&quot;false&quot;,&quot;hoteller_ext_is_infinite&quot;:&quot;false&quot;,&quot;hoteller_ext_is_fadeout_animation&quot;:&quot;false&quot;,&quot;hoteller_ext_mobile_static&quot;:&quot;false&quot;}\" data-widget_type=\"heading.default\">\n\t\t\t\t<div class=\"elementor-widget-container\">\n\t\t\t\t\t<h2 class=\"elementor-heading-title elementor-size-default\">Organisation<\/h2>\t\t\t\t<\/div>\n\t\t\t\t<\/div>\n\t\t\t\t<div class=\"elementor-element elementor-element-0f1da61 elementor-invisible elementor-widget elementor-widget-text-editor\" data-id=\"0f1da61\" data-element_type=\"widget\" data-e-type=\"widget\" data-settings=\"{&quot;_animation&quot;:&quot;fadeIn&quot;,&quot;hoteller_ext_link_sidemenu&quot;:&quot;false&quot;,&quot;hoteller_ext_link_fullmenu&quot;:&quot;false&quot;,&quot;hoteller_ext_link_closed_fullmenu&quot;:&quot;false&quot;,&quot;hoteller_ext_is_scrollme&quot;:&quot;false&quot;,&quot;hoteller_ext_is_smoove&quot;:&quot;false&quot;,&quot;hoteller_ext_is_parallax_mouse&quot;:&quot;false&quot;,&quot;hoteller_ext_is_infinite&quot;:&quot;false&quot;,&quot;hoteller_ext_is_fadeout_animation&quot;:&quot;false&quot;,&quot;hoteller_ext_mobile_static&quot;:&quot;false&quot;}\" data-widget_type=\"text-editor.default\">\n\t\t\t\t<div class=\"elementor-widget-container\">\n\t\t\t\t\t\t\t\t\t<p style=\"font-weight: 400;\">Yacht Classic : \u00c0 vos c\u00f4t\u00e9s pour transformer vos moments les plus sp\u00e9ciaux en souvenirs magiques.<\/p><p style=\"font-weight: 400;\">Nous sommes \u00e0 votre disposition pour offrir \u00e0 nos pr\u00e9cieux h\u00f4tes, qui souhaitent transformer leurs occasions sp\u00e9ciales en souvenirs inoubliables, un service unique o\u00f9 chaque d\u00e9tail est soigneusement pens\u00e9.<\/p><p>Nos h\u00f4tes qui le souhaitent peuvent profiter de ces moments privil\u00e9gi\u00e9s dans une atmosph\u00e8re exceptionnelle et confier l\u2019organisation de leurs \u00e9v\u00e9nements \u00e0 l\u2019\u00e9quipe exp\u00e9riment\u00e9e de l\u2019H\u00f4tel Yacht Classic.<\/p>\t\t\t\t\t\t\t\t<\/div>\n\t\t\t\t<\/div>\n\t\t\t\t\t<\/div>\n\t\t<\/div>\n\t\t\t\t\t<\/div>\n\t\t<\/section>\n\t\t\t\t<\/div>\n\t\t","protected":false},"excerpt":{"rendered":"<p>Organisation Yacht Classic : \u00c0 vos c\u00f4t\u00e9s pour transformer vos moments les plus sp\u00e9ciaux en souvenirs magiques. Nous sommes \u00e0 votre disposition pour offrir \u00e0 nos pr\u00e9cieux h\u00f4tes, qui souhaitent transformer leurs occasions sp\u00e9ciales en souvenirs inoubliables, un service unique [&hellip;]<\/p>\n","protected":false},"author":1,"featured_media":0,"parent":0,"menu_order":0,"comment_status":"closed","ping_status":"closed","template":"","meta":{"footnotes":""},"class_list":["post-5383","page","type-page","status-publish","hentry"],"_links":{"self":[{"href":"https:\/\/yachtclassichotel.com\/fr\/wp-json\/wp\/v2\/pages\/5383","targetHints":{"allow":["GET"]}}],"collection":[{"href":"https:\/\/yachtclassichotel.com\/fr\/wp-json\/wp\/v2\/pages"}],"about":[{"href":"https:\/\/yachtclassichotel.com\/fr\/wp-json\/wp\/v2\/types\/page"}],"author":[{"embeddable":true,"href":"https:\/\/yachtclassichotel.com\/fr\/wp-json\/wp\/v2\/users\/1"}],"replies":[{"embeddable":true,"href":"https:\/\/yachtclassichotel.com\/fr\/wp-json\/wp\/v2\/comments?post=5383"}],"version-history":[{"count":4,"href":"https:\/\/yachtclassichotel.com\/fr\/wp-json\/wp\/v2\/pages\/5383\/revisions"}],"predecessor-version":[{"id":5391,"href":"https:\/\/yachtclassichotel.com\/fr\/wp-json\/wp\/v2\/pages\/5383\/revisions\/5391"}],"wp:attachment":[{"href":"https:\/\/yachtclassichotel.com\/fr\/wp-json\/wp\/v2\/media?parent=5383"}],"curies":[{"name":"wp","href":"https:\/\/api.w.org\/{rel}","templated":true}]}}